{"id":579,"date":"2024-01-31T14:44:37","date_gmt":"2024-01-31T14:44:37","guid":{"rendered":"https:\/\/miamimachinerytrailerrental.com\/?page_id=579"},"modified":"2024-01-31T12:04:20","modified_gmt":"2024-01-31T17:04:20","slug":"politica-de-privacidad","status":"publish","type":"page","link":"https:\/\/miamimachinerytrailerrental.com\/es\/politica-de-privacidad\/","title":{"rendered":"Pol\u00edtica de privacidad"},"content":{"rendered":"<div data-elementor-type=\"wp-page\" data-elementor-id=\"579\" class=\"elementor elementor-579\" data-elementor-post-type=\"page\">\n\t\t\t\t<div class=\"elementor-element elementor-element-24d1fc0 e-flex e-con-boxed e-con e-parent\" data-id=\"24d1fc0\" data-element_type=\"container\" data-e-type=\"container\">\n\t\t\t\t\t<div class=\"e-con-inner\">\n\t\t\t\t<div class=\"elementor-element elementor-element-b046fda elementor-widget elementor-widget-heading\" data-id=\"b046fda\" data-element_type=\"widget\" data-e-type=\"widget\" data-widget_type=\"heading.default\">\n\t\t\t\t<div class=\"elementor-widget-container\">\n\t\t\t\t\t<h1 class=\"elementor-heading-title elementor-size-default\">Pol\u00edtica de privacidad<\/h1>\t\t\t\t<\/div>\n\t\t\t\t<\/div>\n\t\t\t\t\t<\/div>\n\t\t\t\t<\/div>\n\t\t<div class=\"elementor-element elementor-element-016541b e-flex e-con-boxed e-con e-parent\" data-id=\"016541b\" data-element_type=\"container\" data-e-type=\"container\">\n\t\t\t\t\t<div class=\"e-con-inner\">\n\t\t\t\t<div class=\"elementor-element elementor-element-bc3bdda elementor-widget elementor-widget-text-editor\" data-id=\"bc3bdda\" data-element_type=\"widget\" data-e-type=\"widget\" data-widget_type=\"text-editor.default\">\n\t\t\t\t<div class=\"elementor-widget-container\">\n\t\t\t\t\t\t\t\t\t<p>Esta pol\u00edtica de privacidad describe c\u00f3mo recopilamos, utilizamos, comunicamos y divulgamos la informaci\u00f3n personal proporcionada por los usuarios de este sitio web.<\/p>\t\t\t\t\t\t\t\t<\/div>\n\t\t\t\t<\/div>\n\t\t\t\t\t<\/div>\n\t\t\t\t<\/div>\n\t\t<div class=\"elementor-element elementor-element-571df4e e-flex e-con-boxed e-con e-parent\" data-id=\"571df4e\" data-element_type=\"container\" data-e-type=\"container\">\n\t\t\t\t\t<div class=\"e-con-inner\">\n\t\t\t\t<div class=\"elementor-element elementor-element-1fefd3a elementor-widget elementor-widget-text-editor\" data-id=\"1fefd3a\" data-element_type=\"widget\" data-e-type=\"widget\" data-widget_type=\"text-editor.default\">\n\t\t\t\t<div class=\"elementor-widget-container\">\n\t\t\t\t\t\t\t\t\t<p><span style=\"color: #000000;\"><strong>Recogida, uso y divulgaci\u00f3n de informaci\u00f3n<\/strong><\/span><\/p><p>Somos los \u00fanicos propietarios de la informaci\u00f3n recogida en este sitio web. La \u00fanica informaci\u00f3n a la que tenemos acceso y que recogemos es la que usted nos proporciona voluntariamente por correo electr\u00f3nico o cualquier otro m\u00e9todo de contacto directo. No venderemos ni alquilaremos esta informaci\u00f3n a nadie. Utilizaremos esta informaci\u00f3n personal para responderle en relaci\u00f3n con el motivo por el que se puso en contacto con nosotros. En caso necesario, podremos compartir su informaci\u00f3n personal con nuestros socios comerciales como parte de los servicios que puedan prestarnos. Podemos utilizar esta informaci\u00f3n para comunicar materiales de marketing o promocionales sobre nuestros productos, programas y servicios. Su consentimiento Al proporcionarnos su informaci\u00f3n personal, usted da su consentimiento para que la recopilemos, utilicemos y divulguemos tal como se describe en esta pol\u00edtica de privacidad. Si nos ha proporcionado informaci\u00f3n personal y desea retirar su consentimiento para su conservaci\u00f3n, uso o divulgaci\u00f3n, p\u00f3ngase en contacto con nosotros. Si retira su consentimiento, puede afectar a nuestra capacidad para ofrecerle determinados productos o servicios.<\/p><p><span style=\"color: #000000;\"><strong>Seguridad<\/strong><\/span><\/p><p>Tomamos precauciones para proteger su informaci\u00f3n. Cuando usted env\u00eda informaci\u00f3n sobre s\u00ed mismo a trav\u00e9s de este sitio web, \u00e9sta est\u00e1 protegida tanto en l\u00ednea como fuera de l\u00ednea. Sin embargo, no somos responsables de las pr\u00e1cticas de los sitios web o servicios vinculados desde o hacia este sitio web, incluida la informaci\u00f3n y el contenido que contienen.<\/p><p><span style=\"color: #000000;\"><strong>Cookies<\/strong><\/span><\/p><p>En este sitio web podemos utilizar cookies. Una cookie es un dato que se almacena en el disco duro de los usuarios de nuestro sitio web para ayudarnos a mejorar su acceso al mismo e identificarlos cuando regresan. Las cookies tambi\u00e9n pueden ayudarnos a descubrir y orientar los intereses de los usuarios de nuestro sitio web para mejorar su experiencia general. Podemos utilizar cookies para ofrecer anuncios relacionados con su experiencia en nuestro sitio web. El uso de una cookie no est\u00e1 vinculado en modo alguno a informaci\u00f3n personal identificable en nuestro sitio web. Algunos de nuestros socios comerciales pueden utilizar cookies en nuestro sitio web, pero no tenemos acceso ni control sobre ellos.<\/p><p><span style=\"color: #000000;\"><strong>Google Analytics<\/strong><\/span><\/p><p>Utilizamos Google Analytics para analizar el comportamiento de navegaci\u00f3n de los visitantes de este sitio. Google Analytics es una herramienta de an\u00e1lisis web proporcionada por Google Inc. Google Analytics recopila informaci\u00f3n de forma an\u00f3nima, como el n\u00famero de visitantes del sitio, el tipo de navegador y sistema operativo que utilizan, la fecha, hora y duraci\u00f3n de las visitas, las p\u00e1ginas visitadas y otros sitios web visitados antes de acceder a este sitio. Nuestro uso de Google Analytics incluye el componente de informes demogr\u00e1ficos y de intereses. Puede inhabilitar las funciones de Google Analytics descargando el complemento de inhabilitaci\u00f3n para navegadores de Google Analytics o configurando su navegador para bloquear el uso de cookies.<\/p><p><span style=\"color: #000000;\"><strong>Sus derechos CCPA y c\u00f3mo ejercerlos.<\/strong><\/span><br \/>Si usted es residente en California, tiene ciertos derechos, de conformidad con la CCPA. Estos derechos CCPA s\u00f3lo pueden aplicarse en determinadas circunstancias y est\u00e1n sujetos a ciertas exenciones. Consulte la informaci\u00f3n que figura a continuaci\u00f3n para obtener un resumen de sus derechos y c\u00f3mo ejercerlos. Tenga en cuenta que podemos pedirle determinada informaci\u00f3n para verificar la solicitud de conformidad con la legislaci\u00f3n aplicable.<br \/>- Derecho a saber. Tiene derecho a solicitar que revelemos la informaci\u00f3n personal que recopilamos, utilizamos y\/o vendemos sobre usted. Para ejercer este derecho, p\u00f3ngase en contacto con nosotros a trav\u00e9s del n\u00famero de tel\u00e9fono gratuito o el correo electr\u00f3nico que figuran a continuaci\u00f3n en la secci\u00f3n Contacto.<br \/>- Derecho de supresi\u00f3n. Tiene derecho a eliminar la informaci\u00f3n personal que recopilemos o mantengamos sobre usted. Para ejercer este derecho, env\u00ede su solicitud a trav\u00e9s del n\u00famero de tel\u00e9fono gratuito que se indica a continuaci\u00f3n o del correo electr\u00f3nico que aparece en la secci\u00f3n Contacto. Se le pedir\u00e1 que proporcione cierta informaci\u00f3n, que utilizaremos para verificar su solicitud. Tenga en cuenta que se aplican ciertas excepciones a este derecho, como cuando debemos conservar su informaci\u00f3n para cumplir con la ley. Le notificaremos dichas excepciones seg\u00fan corresponda a su solicitud.<br \/>- Derecho a la no discriminaci\u00f3n. Tiene derecho a no recibir un trato discriminatorio por nuestra parte por el ejercicio de cualquiera de sus derechos CCPA.<br \/>Puede ejercer sus derechos CCPA usted mismo o puede designar a un agente autorizado para que realice una solicitud en su nombre. Su agente autorizado debe ser capaz de demostrar su autoridad para actuar en su nombre, tal como se indica m\u00e1s adelante, al presentar una solicitud verificable.<\/p><p><span style=\"color: #000000;\"><strong>Divulgaci\u00f3n de informaci\u00f3n personal.<\/strong><\/span><br \/>- No revelamos ni vendemos informaci\u00f3n personal a terceros con fines empresariales o comerciales durante los \u00faltimos 12 meses.<br \/>- No recopilamos conscientemente informaci\u00f3n personal de menores de 16 a\u00f1os y no vendemos dicha informaci\u00f3n.<\/p><p><span style=\"color: #000000;\"><strong>C\u00f3mo ponerse en contacto con nosotros<\/strong>:<\/span> Si tiene alguna pregunta, solicitud o duda relacionada con esta Pol\u00edtica de Privacidad, env\u00edenos un correo electr\u00f3nico a<br \/>miamimachinerytrailerrental@gmail.com o llame al 786-965-2568<\/p>\t\t\t\t\t\t\t\t<\/div>\n\t\t\t\t<\/div>\n\t\t\t\t\t<\/div>\n\t\t\t\t<\/div>\n\t\t\t\t<\/div>","protected":false},"excerpt":{"rendered":"<p>Privacy Policy This privacy policy outlines how we collect, use, communicate, and disclose personal information provided by users of this website. Collection, Use, and Disclosure of Information We are the sole owners of the information collected on this website. The only information we have access to and collect is that which you voluntarily provide to [&hellip;]<\/p>\n","protected":false},"author":1,"featured_media":0,"parent":0,"menu_order":0,"comment_status":"closed","ping_status":"closed","template":"","meta":{"_coblocks_attr":"","_coblocks_dimensions":"","_coblocks_responsive_height":"","_coblocks_accordion_ie_support":"","footnotes":""},"class_list":["post-579","page","type-page","status-publish","hentry"],"_links":{"self":[{"href":"https:\/\/miamimachinerytrailerrental.com\/es\/wp-json\/wp\/v2\/pages\/579","targetHints":{"allow":["GET"]}}],"collection":[{"href":"https:\/\/miamimachinerytrailerrental.com\/es\/wp-json\/wp\/v2\/pages"}],"about":[{"href":"https:\/\/miamimachinerytrailerrental.com\/es\/wp-json\/wp\/v2\/types\/page"}],"author":[{"embeddable":true,"href":"https:\/\/miamimachinerytrailerrental.com\/es\/wp-json\/wp\/v2\/users\/1"}],"replies":[{"embeddable":true,"href":"https:\/\/miamimachinerytrailerrental.com\/es\/wp-json\/wp\/v2\/comments?post=579"}],"version-history":[{"count":5,"href":"https:\/\/miamimachinerytrailerrental.com\/es\/wp-json\/wp\/v2\/pages\/579\/revisions"}],"predecessor-version":[{"id":580,"href":"https:\/\/miamimachinerytrailerrental.com\/es\/wp-json\/wp\/v2\/pages\/579\/revisions\/580"}],"wp:attachment":[{"href":"https:\/\/miamimachinerytrailerrental.com\/es\/wp-json\/wp\/v2\/media?parent=579"}],"curies":[{"name":"wp","href":"https:\/\/api.w.org\/{rel}","templated":true}]}}